{"id":29759,"date":"2022-04-18T16:53:16","date_gmt":"2022-04-18T14:53:16","guid":{"rendered":"https:\/\/dev.abes-pferdeversicherung.ch\/?page_id=29759"},"modified":"2023-12-08T09:36:33","modified_gmt":"2023-12-08T08:36:33","slug":"vag-54","status":"publish","type":"page","link":"https:\/\/abes-pferdeversicherung.ch\/fr\/vag-54\/","title":{"rendered":""},"content":{"rendered":"<div data-elementor-type=\"wp-page\" data-elementor-id=\"29759\" class=\"elementor elementor-29759\" data-elementor-post-type=\"page\">\n\t\t\t\t\t\t<section class=\"elementor-section elementor-top-section elementor-element elementor-element-47fcd223 elementor-section-boxed elementor-section-height-default elementor-section-height-default\" data-id=\"47fcd223\" data-element_type=\"section\">\n\t\t\t\t\t\t<div class=\"elementor-container elementor-column-gap-default\">\n\t\t\t\t\t<div class=\"elementor-column elementor-col-100 elementor-top-column elementor-element elementor-element-3ddbe092\" data-id=\"3ddbe092\" data-element_type=\"column\">\n\t\t\t<div class=\"elementor-widget-wrap elementor-element-populated\">\n\t\t\t\t\t\t<div class=\"elementor-element elementor-element-df3a14e elementor-widget elementor-widget-heading\" data-id=\"df3a14e\" data-element_type=\"widget\" data-widget_type=\"heading.default\">\n\t\t\t\t<div class=\"elementor-widget-container\">\n\t\t\t\t\t<h1 class=\"elementor-heading-title elementor-size-large\">Nous vous remercions de votre demande et de votre confiance.<br><br>Nous allons examiner votre demande et vous recontacterons ensuite. En r\u00e8gle g\u00e9n\u00e9rale, il nous faut au maximum deux semaines pour proc\u00e9der \u00e0 l'examen.<\/h1>\t\t\t\t<\/div>\n\t\t\t\t<\/div>\n\t\t\t\t<div class=\"elementor-element elementor-element-406785c animated-slow elementor-invisible elementor-widget elementor-widget-shortcode\" data-id=\"406785c\" data-element_type=\"widget\" data-settings=\"{&quot;_animation&quot;:&quot;rotateIn&quot;}\" data-widget_type=\"shortcode.default\">\n\t\t\t\t<div class=\"elementor-widget-container\">\n\t\t\t\t\t\t\t<div class=\"elementor-shortcode\"><div class='printomatic pom-default' id='id6062'  data-print_target='body'><\/div><\/div>\n\t\t\t\t\t\t<\/div>\n\t\t\t\t<\/div>\n\t\t\t\t<div class=\"elementor-element elementor-element-2af44a9 animated-slow elementor-invisible elementor-widget elementor-widget-heading\" data-id=\"2af44a9\" data-element_type=\"widget\" data-settings=\"{&quot;_animation&quot;:&quot;zoomIn&quot;}\" data-widget_type=\"heading.default\">\n\t\t\t\t<div class=\"elementor-widget-container\">\n\t\t\t\t\t<h6 class=\"elementor-heading-title elementor-size-medium\">Vous trouverez ci-dessous les informations l\u00e9gales. Veuillez les imprimer en cliquant sur l'ic\u00f4ne de l'imprimante ou enregistrer ces informations en tant que fichier pdf dans vos dossiers.<\/h6>\t\t\t\t<\/div>\n\t\t\t\t<\/div>\n\t\t\t\t<div class=\"elementor-element elementor-element-84c0073 elementor-widget elementor-widget-heading\" data-id=\"84c0073\" data-element_type=\"widget\" data-widget_type=\"heading.default\">\n\t\t\t\t<div class=\"elementor-widget-container\">\n\t\t\t\t\t<h1 class=\"elementor-heading-title elementor-size-medium\">Obligations l\u00e9gales d'information et explications<\/h1>\t\t\t\t<\/div>\n\t\t\t\t<\/div>\n\t\t\t\t\t<\/div>\n\t\t<\/div>\n\t\t\t\t\t<\/div>\n\t\t<\/section>\n\t\t\t\t<section class=\"elementor-section elementor-top-section elementor-element elementor-element-720fa41 elementor-section-boxed elementor-section-height-default elementor-section-height-default\" data-id=\"720fa41\" data-element_type=\"section\">\n\t\t\t\t\t\t<div class=\"elementor-container elementor-column-gap-default\">\n\t\t\t\t\t<div class=\"elementor-column elementor-col-100 elementor-top-column elementor-element elementor-element-4e6dd02\" data-id=\"4e6dd02\" data-element_type=\"column\">\n\t\t\t<div class=\"elementor-widget-wrap elementor-element-populated\">\n\t\t\t\t\t\t<div class=\"elementor-element elementor-element-e4d2ed3 elementor-widget elementor-widget-text-editor\" data-id=\"e4d2ed3\" data-element_type=\"widget\" data-widget_type=\"text-editor.default\">\n\t\t\t\t<div class=\"elementor-widget-container\">\n\t\t\t\t\t\t\t\t\t<h5><b>Nous g\u00e9rons ce contrat d'assurance en accord avec l'assureur comp\u00e9tent et en coop\u00e9ration avec Strategic Alliances Financial Services AG, dont le si\u00e8ge est \u00e0 Zurich.<\/b><\/h5><p>Pour ce contrat d'assurance, ABES Group AG agit en tant que mandataire et s'engage \u00e0 servir exclusivement vos int\u00e9r\u00eats en tant que client. Il n'existe pas de contrat de courtage autonome au sens de l'article 412 et suivants du Code des obligations entre ABES Group AG et les compagnies d'assurance, institutions de pr\u00e9voyance et autres partenaires contractuels concern\u00e9s. Par cons\u00e9quent, ABES Group AG s'engage \u00e0 un devoir de loyaut\u00e9 exclusif envers vous.<\/p><p>Dans le cadre de cette relation de mandat, ABES Group AG s'engage \u00e0 prendre toutes les dispositions n\u00e9cessaires aux fins de la\u00a0<a href=\"https:\/\/www.abes.ch\/vag-45\/#Interessenskonflikte\">Pr\u00e9vention des conflits d'int\u00e9r\u00eats<\/a>\u00a0\u00a0de l'avoir fait.<\/p><p>Pour la fourniture de ses services, ABES Group AG est r\u00e9mun\u00e9r\u00e9 par une indemnit\u00e9 administrative vers\u00e9e par Strategic Alliances Financial Services AG. Cette indemnit\u00e9 administrative est d\u00e9crite dans le document <a href=\"https:\/\/www.abes.ch\/vag-45\/#Offenlegung\">Obligation de publication<\/a>\u00a0selon l'art. 45b de la LSA est d\u00e9clar\u00e9e en d\u00e9tail dans son montant et sa nature et s'\u00e9l\u00e8ve \u00e0 11% de la prime annuelle nette vers\u00e9e.<\/p><p>En contrepartie de nos prestations, vous renoncez aujourd'hui et \u00e0 l'avenir \u00e0 la r\u00e9percussion des indemnit\u00e9s administratives d\u00e9coulant du pr\u00e9sent contrat.<\/p><p>Vous confirmez ainsi avoir \u00e9t\u00e9 inform\u00e9(e), avant la conclusion du contrat, de l'\u00e9tendue et du montant des indemnit\u00e9s administratives. ABES Group AG s'engage en outre \u00e0 fournir \u00e0 tout moment, sur demande et par \u00e9crit, des renseignements complets et d\u00e9taill\u00e9s sur les indemnit\u00e9s administratives encourues.<span style=\"color: var( --e-global-color-text ); font-family: var( --e-global-typography-text-font-family ), Sans-serif; font-size: var( --e-global-typography-text-font-size ); font-style: var( --e-global-typography-text-font-style ); font-weight: var( --e-global-typography-text-font-weight ); letter-spacing: var( --e-global-typography-text-letter-spacing ); text-transform: var( --e-global-typography-text-text-transform ); background-color: var( --e-global-color-c696dce );\"><br \/><\/span><\/p><p><span style=\"color: var( --e-global-color-text ); font-family: var( --e-global-typography-text-font-family ), Sans-serif; font-size: var( --e-global-typography-text-font-size ); font-style: var( --e-global-typography-text-font-style ); font-weight: var( --e-global-typography-text-font-weight ); letter-spacing: var( --e-global-typography-text-letter-spacing ); text-transform: var( --e-global-typography-text-text-transform ); background-color: var( --e-global-color-c696dce );\">Vous vous engagez \u00e0 informer continuellement et imm\u00e9diatement ABES Group SA des modifications des risques, des modifications importantes qui pourraient avoir des cons\u00e9quences sur la poursuite du contrat ou sur une modification suppos\u00e9e des primes, ainsi que des sinistres survenus, et \u00e0 mettre \u00e0 disposition tous les documents n\u00e9cessaires, dans la mesure o\u00f9 ceux-ci n'ont pas d\u00e9j\u00e0 \u00e9t\u00e9 annonc\u00e9s directement \u00e0 l'assureur. ABES Group AG s'appuiera sur ces informations et documents pour l'ex\u00e9cution du contrat.<\/span><\/p><h3><b>Protection des donn\u00e9es :<\/b><\/h3><p>La protection des donn\u00e9es de l'ABES Group AG occupe une place tr\u00e8s importante au sein de notre groupe. Nous sommes conscients de cette responsabilit\u00e9 et traitons toutes les donn\u00e9es avec le plus grand soin. Nous utilisons vos donn\u00e9es pour garantir la conclusion, l'ex\u00e9cution, la r\u00e9siliation et la prolongation des contrats, ainsi que pour faire valoir vos droits d\u00e9coulant du contrat, y compris vos droits juridiques. Nous avons ainsi un large aper\u00e7u de vos prestations contractuelles, des d\u00e9tails de vos d\u00e9comptes de sinistres ainsi que des primes factur\u00e9es et des extraits de compte.<\/p><p>Nous utilisons ces donn\u00e9es afin de pouvoir remplir l'exploitation ordonn\u00e9e pour la gestion de la commande. Nous nous effor\u00e7ons \u00e0 tout moment de prendre toutes les dispositions n\u00e9cessaires pour garantir au mieux la d\u00e9tection, la pr\u00e9vention et l'\u00e9limination des abus de nos produits, services ou infrastructures. Nous pouvons \u00e9galement utiliser vos donn\u00e9es pour am\u00e9liorer, d\u00e9velopper ou \u00e9tendre nos services, nos produits, leur convivialit\u00e9 et notre assistance.<\/p><p>Les donn\u00e9es r\u00e9sultant des documents contractuels et de l'ex\u00e9cution du contrat sont transmises \u00e0 la compagnie d'assurance concern\u00e9e. La compagnie d'assurance utilise ces donn\u00e9es notamment pour d\u00e9terminer la prime, pour l'\u00e9valuation des risques, pour le traitement des cas d'assurance ainsi que pour les \u00e9valuations statistiques. Les donn\u00e9es sont conserv\u00e9es physiquement ou \u00e9lectroniquement.<\/p><p>Dans la mesure n\u00e9cessaire, la compagnie d'assurance peut transmettre des donn\u00e9es pour traitement aux tiers participant \u00e0 l'ex\u00e9cution du contrat en Suisse et \u00e0 l'\u00e9tranger, en particulier aux coassureurs et aux r\u00e9assureurs, ainsi qu'aux soci\u00e9t\u00e9s suisses et \u00e9trang\u00e8res de son groupe. En cas de soup\u00e7on de d\u00e9lit contre le patrimoine ou de d\u00e9lit contre les titres, ainsi que dans le cas o\u00f9 la compagnie d'assurance se retire du contrat en raison d'une justification frauduleuse d'une pr\u00e9tention d'assurance (art. 40 LCA), une communication peut \u00eatre faite \u00e0 l'Association Suisse d'Assurances (ASA) en vue d'une inscription dans le Syst\u00e8me central d'information (ZIS). ABES Group AG ne saisit que les donn\u00e9es personnelles qui sont n\u00e9cessaires dans le cadre de la prestation de service convenue. ABES Group SA s'engage \u00e0 prendre toutes les mesures n\u00e9cessaires pour respecter les prescriptions l\u00e9gales en mati\u00e8re de protection des donn\u00e9es. Les donn\u00e9es sont trait\u00e9es de mani\u00e8re absolument confidentielle.<\/p><p>Lisez \u00e0 ce sujet nos\u00a0<a href=\"https:\/\/www.abes-zuerich.ch\/datenschutzerklaerung\/\">Politique de confidentialit\u00e9<\/a>\u00a0 ainsi que les informations sur les\u00a0<a href=\"https:\/\/www.abes-zuerich.ch\/cookie-richtlinie-eu\/\">Politique en mati\u00e8re de cookies<\/a><\/p><h3><b>Responsabilit\u00e9 :<\/b><\/h3><p>En cas de n\u00e9gligence, d'erreur ou d'information erron\u00e9e en rapport avec notre activit\u00e9, nous sommes responsables en tant que ABES Group AG. Veuillez adresser vos \u00e9ventuelles r\u00e9clamations \u00e0<\/p><h6><b>ABES Group AG<br \/><\/b><b>5, rue Feldegg<br \/><\/b><b>CH-8152 Glattbrugg<\/b><\/h6><p>ou par e-mail \u00e0\u00a0<strong><a href=\"mailto:info@abeszuerich.ch\">info@abeszuerich.ch<\/a>\u00a0<\/strong><\/p><p>Le responsable du traitement est la personne morale qui, seule ou conjointement avec d'autres, d\u00e9termine les finalit\u00e9s et les moyens du traitement des donn\u00e9es \u00e0 caract\u00e8re personnel.<\/p><h6><b>Droit de r\u00e9vocation d'un contrat conclu conform\u00e9ment \u00e0 l'art. 2a de la loi sur le contrat d'assurance (LCA) :<\/b><\/h6><p>Vous pouvez r\u00e9voquer \u00e0 tout moment votre demande de conclusion du pr\u00e9sent contrat ou votre d\u00e9claration d'acceptation. Le d\u00e9lai de r\u00e9tractation est de 14 jours et commence \u00e0 courir d\u00e8s que vous avez demand\u00e9 ou accept\u00e9 le contrat. La r\u00e9vocation n'est pas soumise \u00e0 la forme \u00e9crite, mais seulement \u00e0 une forme qui permette de la prouver par un texte, c'est-\u00e0-dire \u00e9galement par des e-mails (mais les SMS, WhatsApp, etc. suffisent \u00e9galement).<\/p><h3>Les tiers l\u00e9s\u00e9s peuvent faire valoir des droits de bonne foi \u00e0 l'encontre de l'entreprise d'assurance malgr\u00e9 une r\u00e9vocation. Dans ces cas, le preneur d'assurance reste toutefois redevable de la prime.<\/h3><h3><span style=\"color: var( --e-global-color-text ); font-family: var( --e-global-typography-text-font-family ), Sans-serif; font-size: var( --e-global-typography-text-font-size ); font-style: var( --e-global-typography-text-font-style ); letter-spacing: var( --e-global-typography-text-letter-spacing ); text-transform: var( --e-global-typography-text-text-transform ); background-color: var( --e-global-color-c696dce );\"><b>la formation initiale et continue ainsi que les qualifications professionnelles :<\/b><\/span><\/h3><p>Conform\u00e9ment \u00e0 l'article 43 de la LSA, nous sommes tenus de former et de perfectionner r\u00e9guli\u00e8rement nos collaborateurs afin qu'ils puissent exercer leurs activit\u00e9s. A cet effet, nous disposons d'un vaste programme de promotion et de d\u00e9veloppement des collaborateurs qui accorde une tr\u00e8s grande importance aux mesures de qualification professionnelle. Nous confirmons en outre que nous remplissons toutes les conditions fix\u00e9es par le Conseil f\u00e9d\u00e9ral pour la formation et le perfectionnement des interm\u00e9diaires d'assurance, mais qu'il n'existe pas de normes minimales appropri\u00e9es.<\/p><p>Conform\u00e9ment \u00e0 l'art. 45, al. 1, let. c. de la LSA, nous sommes en outre tenus de vous informer sur la mani\u00e8re dont vous pouvez vous renseigner sur les qualifications professionnelles de nos collaborateurs.<\/p><p>Nous confirmons par la pr\u00e9sente, en notre nom propre et au nom de tous les collaborateurs et collaboratrices, que nous :<\/p><ul><li>vous informer de mani\u00e8re situationnelle et transparente sur le niveau de formation de chacun de vos collaborateurs<\/li><\/ul><ul><li>vous montrer, par des mesures appropri\u00e9es, les qualifications professionnelles du collaborateur qui entre en contact avec vous ;<\/li><\/ul><ul><li>vous donner \u00e0 tout moment la possibilit\u00e9 de vous informer en d\u00e9tail sur notre concept de formation ;<\/li><\/ul><ul><li>Emploient des collaborateurs qui sont notamment titulaires d'un \"Bachelor of Science Risk and Insurance\", d'un dipl\u00f4me de \"sp\u00e9cialiste en assurance avec dipl\u00f4me f\u00e9d\u00e9ral\", d'un brevet sup\u00e9rieur de \"sp\u00e9cialiste en assurance avec \"brevet f\u00e9d\u00e9ral\"\", d'un dipl\u00f4me de \"conseiller en fonds avec dipl\u00f4me f\u00e9d\u00e9ral IAF\", d'un dipl\u00f4me de \"conseiller financier avec dipl\u00f4me f\u00e9d\u00e9ral IAF\" ou d'un dipl\u00f4me de \"gestionnaire de fortune avec dipl\u00f4me f\u00e9d\u00e9ral IAF\".<\/li><\/ul><p><span style=\"color: var( --e-global-color-text ); font-family: var( --e-global-typography-text-font-family ), Sans-serif; font-size: var( --e-global-typography-text-font-size ); font-style: var( --e-global-typography-text-font-style ); font-weight: var( --e-global-typography-text-font-weight ); letter-spacing: var( --e-global-typography-text-letter-spacing ); text-transform: var( --e-global-typography-text-text-transform ); background-color: var( --e-global-color-c696dce );\">\u00a0<\/span><\/p><p><span style=\"color: var( --e-global-color-text ); font-family: var( --e-global-typography-text-font-family ), Sans-serif; font-size: var( --e-global-typography-text-font-size ); font-style: var( --e-global-typography-text-font-style ); font-weight: var( --e-global-typography-text-font-weight ); letter-spacing: var( --e-global-typography-text-letter-spacing ); text-transform: var( --e-global-typography-text-text-transform ); background-color: var( --e-global-color-c696dce );\">Veuillez lire notre documentation compl\u00e8te sur nos\u00a0<\/span><a style=\"font-family: var( --e-global-typography-text-font-family ), Sans-serif; font-size: var( --e-global-typography-text-font-size ); font-style: var( --e-global-typography-text-font-style ); font-weight: var( --e-global-typography-text-font-weight ); letter-spacing: var( --e-global-typography-text-letter-spacing ); text-transform: var( --e-global-typography-text-text-transform );\" href=\"https:\/\/www.abes.ch\/vag-45\/#Informationspflicht\">Obligations d'information<\/a><span style=\"color: var( --e-global-color-text ); font-family: var( --e-global-typography-text-font-family ), Sans-serif; font-size: var( --e-global-typography-text-font-size ); font-style: var( --e-global-typography-text-font-style ); font-weight: var( --e-global-typography-text-font-weight ); letter-spacing: var( --e-global-typography-text-letter-spacing ); text-transform: var( --e-global-typography-text-text-transform ); background-color: var( --e-global-color-c696dce );\">\u00a0, ainsi que les informations sur notre\u00a0<\/span><a style=\"font-family: var( --e-global-typography-text-font-family ), Sans-serif; font-size: var( --e-global-typography-text-font-size ); font-style: var( --e-global-typography-text-font-style ); font-weight: var( --e-global-typography-text-font-weight ); letter-spacing: var( --e-global-typography-text-letter-spacing ); text-transform: var( --e-global-typography-text-text-transform );\" href=\"https:\/\/www.abes.ch\/vag-45\/#Ausbildung\">Concept de formation<\/a><span style=\"color: var( --e-global-color-text ); font-family: var( --e-global-typography-text-font-family ), Sans-serif; font-size: var( --e-global-typography-text-font-size ); font-style: var( --e-global-typography-text-font-style ); font-weight: var( --e-global-typography-text-font-weight ); letter-spacing: var( --e-global-typography-text-letter-spacing ); text-transform: var( --e-global-typography-text-text-transform ); background-color: var( --e-global-color-c696dce );\">\u00a0<\/span><\/p>\t\t\t\t\t\t\t\t<\/div>\n\t\t\t\t<\/div>\n\t\t\t\t\t<\/div>\n\t\t<\/div>\n\t\t\t\t\t<\/div>\n\t\t<\/section>\n\t\t\t\t<\/div>","protected":false},"excerpt":{"rendered":"<p>Vielen Dank f\u00fcr die Einreichung des Antrages und in Ihr Vertrauen Wir werden Ihren Antrag pr\u00fcfen und melden uns danach wieder bei Ihnen. F\u00fcr die Pr\u00fcfung ben\u00f6tigen wir in der Regel l\u00e4ngstens zwei Wochen. Nachfolgend finden Sie die gesetzlichen Informationen. Drucken Sie diese bitte durch Klick auf das Printersymbol aus, oder speichern Sie diese Informationen [&hellip;]<\/p>\n","protected":false},"author":2,"featured_media":0,"parent":0,"menu_order":0,"comment_status":"closed","ping_status":"closed","template":"elementor_canvas","meta":{"footnotes":""},"yoast_head":"<!-- This site is optimized with the Yoast SEO plugin v24.4 - https:\/\/yoast.com\/wordpress\/plugins\/seo\/ -->\n<title>- ABES Pferdeversicherung<\/title>\n<meta name=\"robots\" content=\"index, follow, max-snippet:-1, max-image-preview:large, max-video-preview:-1\" \/>\n<link rel=\"canonical\" href=\"https:\/\/abes-pferdeversicherung.ch\/fr\/vag-54\/\" \/>\n<meta property=\"og:locale\" content=\"fr_FR\" \/>\n<meta property=\"og:type\" content=\"article\" \/>\n<meta property=\"og:title\" content=\"- ABES Pferdeversicherung\" \/>\n<meta property=\"og:description\" content=\"Vielen Dank f\u00fcr die Einreichung des Antrages und in Ihr Vertrauen Wir werden Ihren Antrag pr\u00fcfen und melden uns danach wieder bei Ihnen. F\u00fcr die Pr\u00fcfung ben\u00f6tigen wir in der Regel l\u00e4ngstens zwei Wochen. Nachfolgend finden Sie die gesetzlichen Informationen. Drucken Sie diese bitte durch Klick auf das Printersymbol aus, oder speichern Sie diese Informationen [&hellip;]\" \/>\n<meta property=\"og:url\" content=\"https:\/\/abes-pferdeversicherung.ch\/fr\/vag-54\/\" \/>\n<meta property=\"og:site_name\" content=\"ABES Pferdeversicherung\" \/>\n<meta property=\"article:modified_time\" content=\"2023-12-08T08:36:33+00:00\" \/>\n<meta name=\"twitter:card\" content=\"summary_large_image\" \/>\n<meta name=\"twitter:label1\" content=\"Dur\u00e9e de lecture estim\u00e9e\" \/>\n\t<meta name=\"twitter:data1\" content=\"6 minutes\" \/>\n<script type=\"application\/ld+json\" class=\"yoast-schema-graph\">{\"@context\":\"https:\/\/schema.org\",\"@graph\":[{\"@type\":\"WebPage\",\"@id\":\"https:\/\/abes-pferdeversicherung.ch\/vag-54\/\",\"url\":\"https:\/\/abes-pferdeversicherung.ch\/vag-54\/\",\"name\":\"- ABES Pferdeversicherung\",\"isPartOf\":{\"@id\":\"https:\/\/abes-pferdeversicherung.ch\/#website\"},\"datePublished\":\"2022-04-18T14:53:16+00:00\",\"dateModified\":\"2023-12-08T08:36:33+00:00\",\"inLanguage\":\"fr-FR\",\"potentialAction\":[{\"@type\":\"ReadAction\",\"target\":[\"https:\/\/abes-pferdeversicherung.ch\/vag-54\/\"]}]},{\"@type\":\"WebSite\",\"@id\":\"https:\/\/abes-pferdeversicherung.ch\/#website\",\"url\":\"https:\/\/abes-pferdeversicherung.ch\/\",\"name\":\"ABES Pferdeversicherung\",\"description\":\"\",\"publisher\":{\"@id\":\"https:\/\/abes-pferdeversicherung.ch\/#organization\"},\"potentialAction\":[{\"@type\":\"SearchAction\",\"target\":{\"@type\":\"EntryPoint\",\"urlTemplate\":\"https:\/\/abes-pferdeversicherung.ch\/?s={search_term_string}\"},\"query-input\":{\"@type\":\"PropertyValueSpecification\",\"valueRequired\":true,\"valueName\":\"search_term_string\"}}],\"inLanguage\":\"fr-FR\"},{\"@type\":\"Organization\",\"@id\":\"https:\/\/abes-pferdeversicherung.ch\/#organization\",\"name\":\"ABES Pferdeversicherung\",\"url\":\"https:\/\/abes-pferdeversicherung.ch\/\",\"logo\":{\"@type\":\"ImageObject\",\"inLanguage\":\"fr-FR\",\"@id\":\"https:\/\/abes-pferdeversicherung.ch\/#\/schema\/logo\/image\/\",\"url\":\"https:\/\/abes-pferdeversicherung.ch\/wp-content\/uploads\/2022\/04\/cropped-logo-1.png\",\"contentUrl\":\"https:\/\/abes-pferdeversicherung.ch\/wp-content\/uploads\/2022\/04\/cropped-logo-1.png\",\"width\":229,\"height\":117,\"caption\":\"ABES Pferdeversicherung\"},\"image\":{\"@id\":\"https:\/\/abes-pferdeversicherung.ch\/#\/schema\/logo\/image\/\"}}]}<\/script>\n<!-- \/ Yoast SEO plugin. -->","yoast_head_json":{"title":"- Assurance cheval ABES","robots":{"index":"index","follow":"follow","max-snippet":"max-snippet:-1","max-image-preview":"max-image-preview:large","max-video-preview":"max-video-preview:-1"},"canonical":"https:\/\/abes-pferdeversicherung.ch\/fr\/vag-54\/","og_locale":"fr_FR","og_type":"article","og_title":"- ABES Pferdeversicherung","og_description":"Vielen Dank f\u00fcr die Einreichung des Antrages und in Ihr Vertrauen Wir werden Ihren Antrag pr\u00fcfen und melden uns danach wieder bei Ihnen. F\u00fcr die Pr\u00fcfung ben\u00f6tigen wir in der Regel l\u00e4ngstens zwei Wochen. Nachfolgend finden Sie die gesetzlichen Informationen. Drucken Sie diese bitte durch Klick auf das Printersymbol aus, oder speichern Sie diese Informationen [&hellip;]","og_url":"https:\/\/abes-pferdeversicherung.ch\/fr\/vag-54\/","og_site_name":"ABES Pferdeversicherung","article_modified_time":"2023-12-08T08:36:33+00:00","twitter_card":"summary_large_image","twitter_misc":{"Dur\u00e9e de lecture estim\u00e9e":"6 minutes"},"schema":{"@context":"https:\/\/schema.org","@graph":[{"@type":"WebPage","@id":"https:\/\/abes-pferdeversicherung.ch\/vag-54\/","url":"https:\/\/abes-pferdeversicherung.ch\/vag-54\/","name":"- Assurance cheval ABES","isPartOf":{"@id":"https:\/\/abes-pferdeversicherung.ch\/#website"},"datePublished":"2022-04-18T14:53:16+00:00","dateModified":"2023-12-08T08:36:33+00:00","inLanguage":"fr-FR","potentialAction":[{"@type":"ReadAction","target":["https:\/\/abes-pferdeversicherung.ch\/vag-54\/"]}]},{"@type":"WebSite","@id":"https:\/\/abes-pferdeversicherung.ch\/#website","url":"https:\/\/abes-pferdeversicherung.ch\/","name":"Assurance cheval ABES","description":"","publisher":{"@id":"https:\/\/abes-pferdeversicherung.ch\/#organization"},"potentialAction":[{"@type":"SearchAction","target":{"@type":"EntryPoint","urlTemplate":"https:\/\/abes-pferdeversicherung.ch\/?s={search_term_string}"},"query-input":{"@type":"PropertyValueSpecification","valueRequired":true,"valueName":"search_term_string"}}],"inLanguage":"fr-FR"},{"@type":"Organization","@id":"https:\/\/abes-pferdeversicherung.ch\/#organization","name":"Assurance cheval ABES","url":"https:\/\/abes-pferdeversicherung.ch\/","logo":{"@type":"ImageObject","inLanguage":"fr-FR","@id":"https:\/\/abes-pferdeversicherung.ch\/#\/schema\/logo\/image\/","url":"https:\/\/abes-pferdeversicherung.ch\/wp-content\/uploads\/2022\/04\/cropped-logo-1.png","contentUrl":"https:\/\/abes-pferdeversicherung.ch\/wp-content\/uploads\/2022\/04\/cropped-logo-1.png","width":229,"height":117,"caption":"ABES Pferdeversicherung"},"image":{"@id":"https:\/\/abes-pferdeversicherung.ch\/#\/schema\/logo\/image\/"}}]}},"_links":{"self":[{"href":"https:\/\/abes-pferdeversicherung.ch\/fr\/wp-json\/wp\/v2\/pages\/29759"}],"collection":[{"href":"https:\/\/abes-pferdeversicherung.ch\/fr\/wp-json\/wp\/v2\/pages"}],"about":[{"href":"https:\/\/abes-pferdeversicherung.ch\/fr\/wp-json\/wp\/v2\/types\/page"}],"author":[{"embeddable":true,"href":"https:\/\/abes-pferdeversicherung.ch\/fr\/wp-json\/wp\/v2\/users\/2"}],"replies":[{"embeddable":true,"href":"https:\/\/abes-pferdeversicherung.ch\/fr\/wp-json\/wp\/v2\/comments?post=29759"}],"version-history":[{"count":231,"href":"https:\/\/abes-pferdeversicherung.ch\/fr\/wp-json\/wp\/v2\/pages\/29759\/revisions"}],"predecessor-version":[{"id":33032,"href":"https:\/\/abes-pferdeversicherung.ch\/fr\/wp-json\/wp\/v2\/pages\/29759\/revisions\/33032"}],"wp:attachment":[{"href":"https:\/\/abes-pferdeversicherung.ch\/fr\/wp-json\/wp\/v2\/media?parent=29759"}],"curies":[{"name":"wp","href":"https:\/\/api.w.org\/{rel}","templated":true}]}}