{"id":33273,"date":"2024-02-06T07:08:56","date_gmt":"2024-02-06T06:08:56","guid":{"rendered":"https:\/\/abes-pferdeversicherung.ch\/?page_id=33273"},"modified":"2024-02-06T07:13:01","modified_gmt":"2024-02-06T06:13:01","slug":"formulaire-de-contact","status":"publish","type":"page","link":"https:\/\/abes-pferdeversicherung.ch\/fr\/kontaktformular\/","title":{"rendered":"Forum de contactlar"},"content":{"rendered":"\t\t<div data-elementor-type=\"wp-page\" data-elementor-id=\"33273\" class=\"elementor elementor-33273\" data-elementor-post-type=\"page\">\n\t\t\t\t\t\t<section class=\"elementor-section elementor-top-section elementor-element elementor-element-b6c4564 elementor-section-boxed elementor-section-height-default elementor-section-height-default\" data-id=\"b6c4564\" data-element_type=\"section\">\n\t\t\t\t\t\t<div class=\"elementor-container elementor-column-gap-default\">\n\t\t\t\t\t<div class=\"elementor-column elementor-col-100 elementor-top-column elementor-element elementor-element-2dd3c0b\" data-id=\"2dd3c0b\" data-element_type=\"column\">\n\t\t\t<div class=\"elementor-widget-wrap elementor-element-populated\">\n\t\t\t\t\t\t<div class=\"elementor-element elementor-element-4318ec5 elementor-widget elementor-widget-wpforms\" data-id=\"4318ec5\" data-element_type=\"widget\" data-widget_type=\"wpforms.default\">\n\t\t\t\t<div class=\"elementor-widget-container\">\n\t\t\t\t\t\r\n<style type=\"text\/css\">\r\n\r\n\r\n\r\n\r\n\r\n\r\n\r\n\tbody #wpforms-29283 .wpforms-submit-container .wpforms-submit, body #wpforms-29283 .wpforms-field-pagebreak button.wpforms-page-button {\r\n\t\tfont-weight: bold;background-color:#fc2100 ;\t\tborder-width: 0px;\t}\r\n\r\n\tbody #wpforms-29283 .wpforms-submit-container .wpforms-submit:hover, body #wpforms-29283 .wpforms-field-pagebreak button.wpforms-page-button:hover {\r\n\t\t\t}\r\n\r\n\tbody #wpforms-29283 .wpforms-submit-container,\r\n\tbody #wpforms-29283 .wpforms-field-pagebreak .wpforms-pagebreak-left{\r\n\t\t}\r\n\r\n\r\n\r\n\r\n\r\n\r\n\r\n\r\n\r\n\r\n\r\n\/* Styling for Tablets *\/\r\n@media only screen and (max-width: 800px) and (min-width:481px) {\r\n\t\r\n\r\n\r\n\r\n}\r\n\r\n@media only screen and (max-width: 480px){\r\n\t\r\n\r\n\r\n\r\n}\r\n\/*Option to add custom CSS *\/\r\n\r\n\r\n\r\n\t\t<\/style>\r\n\t\t<div class=\"wpforms-container wpforms-container-full wpforms-container-save-resume wpf-center\" id=\"wpforms-29283\"><form id=\"wpforms-form-29283\" class=\"wpforms-validate wpforms-form wpforms-ajax-form\" data-formid=\"29283\" method=\"post\" enctype=\"multipart\/form-data\" action=\"\/fr\/wp-json\/wp\/v2\/pages\/33273\" data-token=\"ab7b4008804da7cd40206fc6d9dc8b7e\" data-token-time=\"1778422849\"><noscript class=\"wpforms-error-noscript\">Veuillez activer JavaScript dans votre navigateur pour remplir ce formulaire.<\/noscript><div class=\"wpforms-field-container\"><div id=\"wpforms-29283-field_7-container\" class=\"wpforms-field wpforms-field-name\" data-field-type=\"name\" data-field-id=\"7\"><label class=\"wpforms-field-label\" for=\"wpforms-29283-field_7\">Name <span class=\"wpforms-required-label\">*<\/span><\/label><div class=\"wpforms-field-row wpforms-field-large\"><div class=\"wpforms-field-row-block wpforms-first wpforms-one-half\"><input type=\"text\" id=\"wpforms-29283-field_7\" class=\"wpforms-field-name-first wpforms-field-required\" name=\"wpforms[fields][7][first]\" placeholder=\"Vorname\" required><label for=\"wpforms-29283-field_7\" class=\"wpforms-field-sublabel after wpforms-sublabel-hide\">Pr\u00e9nom<\/label><\/div><div class=\"wpforms-field-row-block wpforms-one-half\"><input type=\"text\" id=\"wpforms-29283-field_7-last\" class=\"wpforms-field-name-last wpforms-field-required\" name=\"wpforms[fields][7][last]\" placeholder=\"Nachname\" required><label for=\"wpforms-29283-field_7-last\" class=\"wpforms-field-sublabel after wpforms-sublabel-hide\">Nom<\/label><\/div><\/div><\/div><div id=\"wpforms-29283-field_13-container\" class=\"wpforms-field wpforms-field-layout\" data-field-type=\"layout\" data-field-id=\"13\"><div class=\"wpforms-field-layout-columns wpforms-field-layout-preset-50-50\"><div class=\"wpforms-layout-column wpforms-layout-column-50\" ><div id=\"wpforms-29283-field_12-container\" class=\"wpforms-field wpforms-field-phone\" data-field-type=\"phone\" data-field-id=\"12\"><label class=\"wpforms-field-label\" for=\"wpforms-29283-field_12\">Telefon <span class=\"wpforms-required-label\">*<\/span><\/label><input type=\"tel\" id=\"wpforms-29283-field_12\" class=\"wpforms-field-medium wpforms-field-required wpforms-smart-phone-field\" data-rule-smart-phone-field=\"true\" name=\"wpforms[fields][12]\" aria-label=\"Telefon\" required><\/div><\/div><div class=\"wpforms-layout-column wpforms-layout-column-50\" ><div id=\"wpforms-29283-field_4-container\" class=\"wpforms-field wpforms-field-email\" data-field-type=\"email\" data-field-id=\"4\"><label class=\"wpforms-field-label\" for=\"wpforms-29283-field_4\">Email  <span class=\"wpforms-required-label\">*<\/span><\/label><input type=\"email\" id=\"wpforms-29283-field_4\" class=\"wpforms-field-large wpforms-field-required\" name=\"wpforms[fields][4]\" spellcheck=\"false\" required><\/div><\/div><\/div><\/div><div id=\"wpforms-29283-field_9-container\" class=\"wpforms-field wpforms-field-textarea\" data-field-type=\"textarea\" data-field-id=\"9\"><label class=\"wpforms-field-label\" for=\"wpforms-29283-field_9\">Mitteilung<\/label><textarea id=\"wpforms-29283-field_9\" class=\"wpforms-field-large\" name=\"wpforms[fields][9]\" ><\/textarea><\/div><div id=\"wpforms-29283-field_14-container\" class=\"wpforms-field wpforms-field-radio\" data-field-type=\"radio\" data-field-id=\"14\"><label class=\"wpforms-field-label\">Nutzungsbedingungen <span class=\"wpforms-required-label\">*<\/span><\/label><ul id=\"wpforms-29283-field_14\" class=\"wpforms-field-required\"><li class=\"choice-1 depth-1\"><input type=\"radio\" id=\"wpforms-29283-field_14_1\" name=\"wpforms[fields][14]\" value=\"Ich best\u00e4tige, die &lt;a href=&quot;https:\/\/abes.ch\/datenschutzerklaerung\/&quot; style=&quot;font-size: 9pt; font-family: Arial;&quot;&gt;Datenschutzerkl\u00e4rung&lt;\/a&gt; sowie die &lt;a href=&quot;https:\/\/abes.ch\/cookie-richtlinie-eu\/&quot; style=&quot;font-size: 9pt; font-family: Arial;&quot;&gt;Cookie Richtlinie&lt;\/a&gt; gelesen zu haben haben und erkl\u00e4re mich damit einverstanden.\" required ><label class=\"wpforms-field-label-inline\" for=\"wpforms-29283-field_14_1\">Ich best\u00e4tige, die <a href=\"https:\/\/abes.ch\/datenschutzerklaerung\/\" style=\"font-size: 9pt;font-family: Arial\">Datenschutzerkl\u00e4rung<\/a> sowie die <a href=\"https:\/\/abes.ch\/cookie-richtlinie-eu\/\" style=\"font-size: 9pt;font-family: Arial\">Cookie Richtlinie<\/a> gelesen zu haben haben und erkl\u00e4re mich damit einverstanden.<\/label><\/li><li class=\"choice-2 depth-1\"><input type=\"radio\" id=\"wpforms-29283-field_14_2\" name=\"wpforms[fields][14]\" value=\"Ich lehne die &lt;a href=&quot;https:\/\/abes.ch\/datenschutzerklaerung\/&quot; style=&quot;font-size: 9pt; font-family: Arial;&quot;&gt;Datenschutzerkl\u00e4rung&lt;\/a&gt; sowie die &lt;a href=&quot;https:\/\/abes.ch\/cookie-richtlinie-eu\/&quot; style=&quot;font-size: 9pt; font-family: Arial;&quot;&gt;Cookie Richtlinie&lt;\/a&gt; ab.\" required ><label class=\"wpforms-field-label-inline\" for=\"wpforms-29283-field_14_2\">Ich lehne die <a href=\"https:\/\/abes.ch\/datenschutzerklaerung\/\" style=\"font-size: 9pt;font-family: Arial\">Datenschutzerkl\u00e4rung<\/a> sowie die <a href=\"https:\/\/abes.ch\/cookie-richtlinie-eu\/\" style=\"font-size: 9pt;font-family: Arial\">Cookie Richtlinie<\/a> ab.<\/label><\/li><\/ul><\/div><div id=\"wpforms-29283-field_10-container\" class=\"wpforms-field wpforms-field-captcha\" data-field-type=\"captcha\" data-field-id=\"10\"><label class=\"wpforms-field-label\" for=\"wpforms-29283-field_10\">Ich bin kein Roboter: <span class=\"wpforms-required-label\">*<\/span><\/label>\t\t\t<div class=\"wpforms-captcha-math\">\n\t\t\t\t<span id=\"wpforms-29283-field_10-question\" class=\"wpforms-captcha-equation\">\n\t\t\t\t\t<span class=\"n1\">1<\/span>\n\t\t\t\t\t\t\t<span class=\"cal\">*<\/span>\n\t\t\t\t\t\t\t<span class=\"n2\">8<\/span>\t\t\t\t\t<span class=\"e\">=<\/span>\n\t\t\t\t<\/span>\n\t\t\t\t<input type=\"text\" id=\"wpforms-29283-field_10\" class=\"wpforms-field-medium wpforms-field-required a\" data-rule-wpf-captcha=\"math\" data-is-wrapped-field=\"1\" name=\"wpforms[fields][10][a]\" aria-describedby=\"wpforms-29283-field_10-question\" required>\t\t\t\t<input type=\"hidden\" name=\"wpforms[fields][10][cal]\" class=\"cal\">\n\t\t\t\t<input type=\"hidden\" name=\"wpforms[fields][10][n2]\" class=\"n2\">\n\t\t\t\t<input type=\"hidden\" name=\"wpforms[fields][10][n1]\" class=\"n1\">\n\t\t\t<\/div>\n\t\t\t<\/div><\/div><!-- .wpforms-field-container --><div class=\"wpforms-submit-container\" ><input type=\"hidden\" name=\"wpforms[id]\" value=\"29283\"><input type=\"hidden\" name=\"page_title\" value=\"\"><input type=\"hidden\" name=\"page_url\" value=\"https:\/\/abes-pferdeversicherung.ch\/fr\/wp-json\/wp\/v2\/pages\/33273\"><input type=\"hidden\" name=\"url_referer\" value=\"\"><button type=\"submit\" name=\"wpforms[submit]\" id=\"wpforms-submit-29283\" class=\"wpforms-submit\" data-alt-text=\"sendet..\" data-submit-text=\"Absenden\" aria-live=\"assertive\" value=\"wpforms-submit\">Absenden<\/button><img decoding=\"async\" src=\"https:\/\/abes-pferdeversicherung.ch\/wp-content\/plugins\/wpforms\/assets\/images\/submit-spin.svg\" class=\"wpforms-submit-spinner\" style=\"display: none;\" width=\"26\" height=\"26\" alt=\"Chargement en cours\"><\/div><input type=\"hidden\" id=\"ct_checkjs_wpforms_fb89705ae6d743bf1e848c206e16a1d7\" name=\"ct_checkjs_wpforms\" value=\"0\" \/><script>setTimeout(function(){var ct_input_name = \"ct_checkjs_wpforms_fb89705ae6d743bf1e848c206e16a1d7\";if (document.getElementById(ct_input_name) !== null) {var ct_input_value = document.getElementById(ct_input_name).value;document.getElementById(ct_input_name).value = document.getElementById(ct_input_name).value.replace(ct_input_value, '1724701502');}}, 1000);<\/script><input\n                    class=\"apbct_special_field apbct_email_id__wp_wpforms\"\n                    name=\"apbct__email_id__wp_wpforms\"\n                    aria-label=\"apbct__label_id__wp_wpforms\"\n                    type=\"text\" size=\"30\" maxlength=\"200\" autocomplete=\"off\"\n                    value=\"\"\n                \/><input\n                    class=\"apbct_special_field apbct_email_id__elementor_form\"\n                    name=\"apbct__email_id__elementor_form\"\n                    aria-label=\"apbct__label_id__elementor_form\"\n                    type=\"text\" size=\"30\" maxlength=\"200\" autocomplete=\"off\"\n                    value=\"\"\n                \/><\/form><\/div>  <!-- .wpforms-container -->\t\t\t\t<\/div>\n\t\t\t\t<\/div>\n\t\t\t\t\t<\/div>\n\t\t<\/div>\n\t\t\t\t\t<\/div>\n\t\t<\/section>\n\t\t\t\t<\/div>\n\t\t","protected":false},"excerpt":{"rendered":"<p>Veuillez activer JavaScript dans votre navigateur pour terminer ce formulaire.Nom *Pr\u00e9nomNomLayoutT\u00e9l\u00e9phone *Email *MessageConditions d'utilisation * Je confirme avoir lu la d\u00e9claration de confidentialit\u00e9 ainsi que la directive sur les cookies et je les accepte. Je refuse la d\u00e9claration de confidentialit\u00e9 et la politique en mati\u00e8re de cookies. Je ne suis pas un robot : * 7 * 7 = envoyer<\/p>","protected":false},"author":2,"featured_media":0,"parent":0,"menu_order":0,"comment_status":"closed","ping_status":"closed","template":"","meta":{"footnotes":""},"yoast_head":"<!-- This site is optimized with the Yoast SEO plugin v24.4 - https:\/\/yoast.com\/wordpress\/plugins\/seo\/ -->\n<title>Kontaktforumlar - ABES Pferdeversicherung<\/title>\n<meta name=\"robots\" content=\"index, follow, max-snippet:-1, max-image-preview:large, max-video-preview:-1\" \/>\n<link rel=\"canonical\" href=\"https:\/\/abes-pferdeversicherung.ch\/fr\/formulaire-de-contact\/\" \/>\n<meta property=\"og:locale\" content=\"fr_FR\" \/>\n<meta property=\"og:type\" content=\"article\" \/>\n<meta property=\"og:title\" content=\"Kontaktforumlar - ABES Pferdeversicherung\" \/>\n<meta property=\"og:description\" content=\"Bitte aktiviere JavaScript in deinem Browser, um dieses Formular fertigzustellen.Name *VornameNachnameLayoutTelefon *Email *MitteilungNutzungsbedingungen * Ich best\u00e4tige, die Datenschutzerkl\u00e4rung sowie die Cookie Richtlinie gelesen zu haben haben und erkl\u00e4re mich damit einverstanden. Ich lehne die Datenschutzerkl\u00e4rung sowie die Cookie Richtlinie ab. Ich bin kein Roboter: * 7 * 7 = Absenden\" \/>\n<meta property=\"og:url\" content=\"https:\/\/abes-pferdeversicherung.ch\/fr\/formulaire-de-contact\/\" \/>\n<meta property=\"og:site_name\" content=\"ABES Pferdeversicherung\" \/>\n<meta property=\"article:modified_time\" content=\"2024-02-06T06:13:01+00:00\" \/>\n<meta property=\"og:image\" content=\"https:\/\/abes-pferdeversicherung.ch\/wp-content\/plugins\/wpforms\/assets\/images\/submit-spin.svg\" \/>\n<meta name=\"twitter:card\" content=\"summary_large_image\" \/>\n<meta name=\"twitter:label1\" content=\"Dur\u00e9e de lecture estim\u00e9e\" \/>\n\t<meta name=\"twitter:data1\" content=\"1 minute\" \/>\n<script type=\"application\/ld+json\" class=\"yoast-schema-graph\">{\"@context\":\"https:\/\/schema.org\",\"@graph\":[{\"@type\":\"WebPage\",\"@id\":\"https:\/\/abes-pferdeversicherung.ch\/kontaktformular\/\",\"url\":\"https:\/\/abes-pferdeversicherung.ch\/kontaktformular\/\",\"name\":\"Kontaktforumlar - ABES Pferdeversicherung\",\"isPartOf\":{\"@id\":\"https:\/\/abes-pferdeversicherung.ch\/#website\"},\"primaryImageOfPage\":{\"@id\":\"https:\/\/abes-pferdeversicherung.ch\/kontaktformular\/#primaryimage\"},\"image\":{\"@id\":\"https:\/\/abes-pferdeversicherung.ch\/kontaktformular\/#primaryimage\"},\"thumbnailUrl\":\"https:\/\/abes-pferdeversicherung.ch\/wp-content\/plugins\/wpforms\/assets\/images\/submit-spin.svg\",\"datePublished\":\"2024-02-06T06:08:56+00:00\",\"dateModified\":\"2024-02-06T06:13:01+00:00\",\"breadcrumb\":{\"@id\":\"https:\/\/abes-pferdeversicherung.ch\/kontaktformular\/#breadcrumb\"},\"inLanguage\":\"fr-FR\",\"potentialAction\":[{\"@type\":\"ReadAction\",\"target\":[\"https:\/\/abes-pferdeversicherung.ch\/kontaktformular\/\"]}]},{\"@type\":\"ImageObject\",\"inLanguage\":\"fr-FR\",\"@id\":\"https:\/\/abes-pferdeversicherung.ch\/kontaktformular\/#primaryimage\",\"url\":\"https:\/\/abes-pferdeversicherung.ch\/wp-content\/plugins\/wpforms\/assets\/images\/submit-spin.svg\",\"contentUrl\":\"https:\/\/abes-pferdeversicherung.ch\/wp-content\/plugins\/wpforms\/assets\/images\/submit-spin.svg\"},{\"@type\":\"BreadcrumbList\",\"@id\":\"https:\/\/abes-pferdeversicherung.ch\/kontaktformular\/#breadcrumb\",\"itemListElement\":[{\"@type\":\"ListItem\",\"position\":1,\"name\":\"Startseite\",\"item\":\"https:\/\/abes-pferdeversicherung.ch\/\"},{\"@type\":\"ListItem\",\"position\":2,\"name\":\"Kontaktforumlar\"}]},{\"@type\":\"WebSite\",\"@id\":\"https:\/\/abes-pferdeversicherung.ch\/#website\",\"url\":\"https:\/\/abes-pferdeversicherung.ch\/\",\"name\":\"ABES Pferdeversicherung\",\"description\":\"\",\"publisher\":{\"@id\":\"https:\/\/abes-pferdeversicherung.ch\/#organization\"},\"potentialAction\":[{\"@type\":\"SearchAction\",\"target\":{\"@type\":\"EntryPoint\",\"urlTemplate\":\"https:\/\/abes-pferdeversicherung.ch\/?s={search_term_string}\"},\"query-input\":{\"@type\":\"PropertyValueSpecification\",\"valueRequired\":true,\"valueName\":\"search_term_string\"}}],\"inLanguage\":\"fr-FR\"},{\"@type\":\"Organization\",\"@id\":\"https:\/\/abes-pferdeversicherung.ch\/#organization\",\"name\":\"ABES Pferdeversicherung\",\"url\":\"https:\/\/abes-pferdeversicherung.ch\/\",\"logo\":{\"@type\":\"ImageObject\",\"inLanguage\":\"fr-FR\",\"@id\":\"https:\/\/abes-pferdeversicherung.ch\/#\/schema\/logo\/image\/\",\"url\":\"https:\/\/abes-pferdeversicherung.ch\/wp-content\/uploads\/2022\/04\/cropped-logo-1.png\",\"contentUrl\":\"https:\/\/abes-pferdeversicherung.ch\/wp-content\/uploads\/2022\/04\/cropped-logo-1.png\",\"width\":229,\"height\":117,\"caption\":\"ABES Pferdeversicherung\"},\"image\":{\"@id\":\"https:\/\/abes-pferdeversicherung.ch\/#\/schema\/logo\/image\/\"}}]}<\/script>\n<!-- \/ Yoast SEO plugin. -->","yoast_head_json":{"title":"Contactforumlar - ABES Assurance \u00e9quine","robots":{"index":"index","follow":"follow","max-snippet":"max-snippet:-1","max-image-preview":"max-image-preview:large","max-video-preview":"max-video-preview:-1"},"canonical":"https:\/\/abes-pferdeversicherung.ch\/fr\/formulaire-de-contact\/","og_locale":"fr_FR","og_type":"article","og_title":"Kontaktforumlar - ABES Pferdeversicherung","og_description":"Bitte aktiviere JavaScript in deinem Browser, um dieses Formular fertigzustellen.Name *VornameNachnameLayoutTelefon *Email *MitteilungNutzungsbedingungen * Ich best\u00e4tige, die Datenschutzerkl\u00e4rung sowie die Cookie Richtlinie gelesen zu haben haben und erkl\u00e4re mich damit einverstanden. Ich lehne die Datenschutzerkl\u00e4rung sowie die Cookie Richtlinie ab. Ich bin kein Roboter: * 7 * 7 = Absenden","og_url":"https:\/\/abes-pferdeversicherung.ch\/fr\/formulaire-de-contact\/","og_site_name":"ABES Pferdeversicherung","article_modified_time":"2024-02-06T06:13:01+00:00","og_image":[{"url":"https:\/\/abes-pferdeversicherung.ch\/wp-content\/plugins\/wpforms\/assets\/images\/submit-spin.svg","type":"","width":"","height":""}],"twitter_card":"summary_large_image","twitter_misc":{"Dur\u00e9e de lecture estim\u00e9e":"1 minute"},"schema":{"@context":"https:\/\/schema.org","@graph":[{"@type":"WebPage","@id":"https:\/\/abes-pferdeversicherung.ch\/kontaktformular\/","url":"https:\/\/abes-pferdeversicherung.ch\/kontaktformular\/","name":"Contactforumlar - ABES Assurance \u00e9quine","isPartOf":{"@id":"https:\/\/abes-pferdeversicherung.ch\/#website"},"primaryImageOfPage":{"@id":"https:\/\/abes-pferdeversicherung.ch\/kontaktformular\/#primaryimage"},"image":{"@id":"https:\/\/abes-pferdeversicherung.ch\/kontaktformular\/#primaryimage"},"thumbnailUrl":"https:\/\/abes-pferdeversicherung.ch\/wp-content\/plugins\/wpforms\/assets\/images\/submit-spin.svg","datePublished":"2024-02-06T06:08:56+00:00","dateModified":"2024-02-06T06:13:01+00:00","breadcrumb":{"@id":"https:\/\/abes-pferdeversicherung.ch\/kontaktformular\/#breadcrumb"},"inLanguage":"fr-FR","potentialAction":[{"@type":"ReadAction","target":["https:\/\/abes-pferdeversicherung.ch\/kontaktformular\/"]}]},{"@type":"ImageObject","inLanguage":"fr-FR","@id":"https:\/\/abes-pferdeversicherung.ch\/kontaktformular\/#primaryimage","url":"https:\/\/abes-pferdeversicherung.ch\/wp-content\/plugins\/wpforms\/assets\/images\/submit-spin.svg","contentUrl":"https:\/\/abes-pferdeversicherung.ch\/wp-content\/plugins\/wpforms\/assets\/images\/submit-spin.svg"},{"@type":"BreadcrumbList","@id":"https:\/\/abes-pferdeversicherung.ch\/kontaktformular\/#breadcrumb","itemListElement":[{"@type":"ListItem","position":1,"name":"Startseite","item":"https:\/\/abes-pferdeversicherung.ch\/"},{"@type":"ListItem","position":2,"name":"Kontaktforumlar"}]},{"@type":"WebSite","@id":"https:\/\/abes-pferdeversicherung.ch\/#website","url":"https:\/\/abes-pferdeversicherung.ch\/","name":"Assurance cheval ABES","description":"","publisher":{"@id":"https:\/\/abes-pferdeversicherung.ch\/#organization"},"potentialAction":[{"@type":"SearchAction","target":{"@type":"EntryPoint","urlTemplate":"https:\/\/abes-pferdeversicherung.ch\/?s={search_term_string}"},"query-input":{"@type":"PropertyValueSpecification","valueRequired":true,"valueName":"search_term_string"}}],"inLanguage":"fr-FR"},{"@type":"Organization","@id":"https:\/\/abes-pferdeversicherung.ch\/#organization","name":"Assurance cheval ABES","url":"https:\/\/abes-pferdeversicherung.ch\/","logo":{"@type":"ImageObject","inLanguage":"fr-FR","@id":"https:\/\/abes-pferdeversicherung.ch\/#\/schema\/logo\/image\/","url":"https:\/\/abes-pferdeversicherung.ch\/wp-content\/uploads\/2022\/04\/cropped-logo-1.png","contentUrl":"https:\/\/abes-pferdeversicherung.ch\/wp-content\/uploads\/2022\/04\/cropped-logo-1.png","width":229,"height":117,"caption":"ABES Pferdeversicherung"},"image":{"@id":"https:\/\/abes-pferdeversicherung.ch\/#\/schema\/logo\/image\/"}}]}},"_links":{"self":[{"href":"https:\/\/abes-pferdeversicherung.ch\/fr\/wp-json\/wp\/v2\/pages\/33273"}],"collection":[{"href":"https:\/\/abes-pferdeversicherung.ch\/fr\/wp-json\/wp\/v2\/pages"}],"about":[{"href":"https:\/\/abes-pferdeversicherung.ch\/fr\/wp-json\/wp\/v2\/types\/page"}],"author":[{"embeddable":true,"href":"https:\/\/abes-pferdeversicherung.ch\/fr\/wp-json\/wp\/v2\/users\/2"}],"replies":[{"embeddable":true,"href":"https:\/\/abes-pferdeversicherung.ch\/fr\/wp-json\/wp\/v2\/comments?post=33273"}],"version-history":[{"count":5,"href":"https:\/\/abes-pferdeversicherung.ch\/fr\/wp-json\/wp\/v2\/pages\/33273\/revisions"}],"predecessor-version":[{"id":33278,"href":"https:\/\/abes-pferdeversicherung.ch\/fr\/wp-json\/wp\/v2\/pages\/33273\/revisions\/33278"}],"wp:attachment":[{"href":"https:\/\/abes-pferdeversicherung.ch\/fr\/wp-json\/wp\/v2\/media?parent=33273"}],"curies":[{"name":"wp","href":"https:\/\/api.w.org\/{rel}","templated":true}]}}