{"id":29759,"date":"2022-04-18T16:53:16","date_gmt":"2022-04-18T14:53:16","guid":{"rendered":"https:\/\/dev.abes-pferdeversicherung.ch\/?page_id=29759"},"modified":"2023-12-08T09:36:33","modified_gmt":"2023-12-08T08:36:33","slug":"vag-54","status":"publish","type":"page","link":"https:\/\/abes-pferdeversicherung.ch\/it\/vag-54\/","title":{"rendered":""},"content":{"rendered":"<div data-elementor-type=\"wp-page\" data-elementor-id=\"29759\" class=\"elementor elementor-29759\" data-elementor-post-type=\"page\">\n\t\t\t\t\t\t<section class=\"elementor-section elementor-top-section elementor-element elementor-element-47fcd223 elementor-section-boxed elementor-section-height-default elementor-section-height-default\" data-id=\"47fcd223\" data-element_type=\"section\">\n\t\t\t\t\t\t<div class=\"elementor-container elementor-column-gap-default\">\n\t\t\t\t\t<div class=\"elementor-column elementor-col-100 elementor-top-column elementor-element elementor-element-3ddbe092\" data-id=\"3ddbe092\" data-element_type=\"column\">\n\t\t\t<div class=\"elementor-widget-wrap elementor-element-populated\">\n\t\t\t\t\t\t<div class=\"elementor-element elementor-element-df3a14e elementor-widget elementor-widget-heading\" data-id=\"df3a14e\" data-element_type=\"widget\" data-widget_type=\"heading.default\">\n\t\t\t\t<div class=\"elementor-widget-container\">\n\t\t\t\t\t<h1 class=\"elementor-heading-title elementor-size-large\">Vi ringraziamo per aver presentato la domanda e per la vostra fiducia.<br><br>Verificheremo la vostra domanda e vi contatteremo in seguito. Di norma, abbiamo bisogno di un massimo di due settimane per l'esame.<\/h1>\t\t\t\t<\/div>\n\t\t\t\t<\/div>\n\t\t\t\t<div class=\"elementor-element elementor-element-406785c animated-slow elementor-invisible elementor-widget elementor-widget-shortcode\" data-id=\"406785c\" data-element_type=\"widget\" data-settings=\"{&quot;_animation&quot;:&quot;rotateIn&quot;}\" data-widget_type=\"shortcode.default\">\n\t\t\t\t<div class=\"elementor-widget-container\">\n\t\t\t\t\t\t\t<div class=\"elementor-shortcode\"><div class='printomatic pom-default' id='id9665'  data-print_target='body'><\/div><\/div>\n\t\t\t\t\t\t<\/div>\n\t\t\t\t<\/div>\n\t\t\t\t<div class=\"elementor-element elementor-element-2af44a9 animated-slow elementor-invisible elementor-widget elementor-widget-heading\" data-id=\"2af44a9\" data-element_type=\"widget\" data-settings=\"{&quot;_animation&quot;:&quot;zoomIn&quot;}\" data-widget_type=\"heading.default\">\n\t\t\t\t<div class=\"elementor-widget-container\">\n\t\t\t\t\t<h6 class=\"elementor-heading-title elementor-size-medium\">Di seguito sono riportate le informazioni legali. Si prega di stamparle cliccando sul simbolo della stampante o di salvarle come file pdf nei propri documenti.<\/h6>\t\t\t\t<\/div>\n\t\t\t\t<\/div>\n\t\t\t\t<div class=\"elementor-element elementor-element-84c0073 elementor-widget elementor-widget-heading\" data-id=\"84c0073\" data-element_type=\"widget\" data-widget_type=\"heading.default\">\n\t\t\t\t<div class=\"elementor-widget-container\">\n\t\t\t\t\t<h1 class=\"elementor-heading-title elementor-size-medium\">Obblighi di informazione e spiegazioni di legge<\/h1>\t\t\t\t<\/div>\n\t\t\t\t<\/div>\n\t\t\t\t\t<\/div>\n\t\t<\/div>\n\t\t\t\t\t<\/div>\n\t\t<\/section>\n\t\t\t\t<section class=\"elementor-section elementor-top-section elementor-element elementor-element-720fa41 elementor-section-boxed elementor-section-height-default elementor-section-height-default\" data-id=\"720fa41\" data-element_type=\"section\">\n\t\t\t\t\t\t<div class=\"elementor-container elementor-column-gap-default\">\n\t\t\t\t\t<div class=\"elementor-column elementor-col-100 elementor-top-column elementor-element elementor-element-4e6dd02\" data-id=\"4e6dd02\" data-element_type=\"column\">\n\t\t\t<div class=\"elementor-widget-wrap elementor-element-populated\">\n\t\t\t\t\t\t<div class=\"elementor-element elementor-element-e4d2ed3 elementor-widget elementor-widget-text-editor\" data-id=\"e4d2ed3\" data-element_type=\"widget\" data-widget_type=\"text-editor.default\">\n\t\t\t\t<div class=\"elementor-widget-container\">\n\t\t\t\t\t\t\t\t\t<h5><b>Gestiamo questo contratto assicurativo in accordo con l'assicuratore responsabile e in collaborazione con Strategic Alliances Financial Services AG, con sede a Zurigo.<\/b><\/h5><p>ABES Group AG agisce in qualit\u00e0 di agente per questo contratto di assicurazione e si impegna a soddisfare esclusivamente i vostri interessi in qualit\u00e0 di clienti. Non esiste un contratto di intermediazione indipendente ai sensi della OR 412 e segg. tra ABES Group AG e le compagnie di assicurazione, le casse pensioni e gli altri partner contrattuali coinvolti. Di conseguenza, ABES Group AG si impegna ad adempiere a un obbligo fiduciario esclusivo nei vostri confronti.<\/p><p>Nell'ambito del presente rapporto contrattuale, ABES Group AG si impegna a prendere tutte le precauzioni al fine di\u00a0<a href=\"https:\/\/www.abes.ch\/vag-45\/#Interessenskonflikte\">Evitare i conflitti di interesse<\/a>\u00a0\u00a0di aver intrapreso.<\/p><p>ABES Group AG \u00e8 remunerata per la fornitura dei suoi servizi con una commissione di gestione pagata da Strategic Alliances Financial Services AG. Tale commissione di gestione \u00e8 riportata nel documento <a href=\"https:\/\/www.abes.ch\/vag-45\/#Offenlegung\">Obbligo di divulgazione<\/a>\u00a0ai sensi dell'art. 45b dell'ISA \u00e8 dichiarato in dettaglio nel suo ammontare e nella sua natura e ammonta a 11% del premio annuo netto pagato.<\/p><p>Al fine di compensarci per i nostri servizi, rinunciate oggi e in futuro al diritto di trasferire le spese amministrative derivanti dal presente contratto.<\/p><p>In tal modo, confermate di essere stati informati dell'entit\u00e0 e dell'importo delle spese amministrative prima della conclusione del contratto. ABES Group AG si impegna inoltre a fornire in qualsiasi momento, su richiesta, informazioni complete e dettagliate sulle spese amministrative sostenute.<span style=\"color: var( --e-global-color-text ); font-family: var( --e-global-typography-text-font-family ), Sans-serif; font-size: var( --e-global-typography-text-font-size ); font-style: var( --e-global-typography-text-font-style ); font-weight: var( --e-global-typography-text-font-weight ); letter-spacing: var( --e-global-typography-text-letter-spacing ); text-transform: var( --e-global-typography-text-text-transform ); background-color: var( --e-global-color-c696dce );\"><br \/><\/span><\/p><p><span style=\"color: var( --e-global-color-text ); font-family: var( --e-global-typography-text-font-family ), Sans-serif; font-size: var( --e-global-typography-text-font-size ); font-style: var( --e-global-typography-text-font-style ); font-weight: var( --e-global-typography-text-font-weight ); letter-spacing: var( --e-global-typography-text-letter-spacing ); text-transform: var( --e-global-typography-text-text-transform ); background-color: var( --e-global-color-c696dce );\">Il contraente si impegna a informare costantemente e immediatamente ABES Group AG di qualsiasi variazione del rischio, di cambiamenti significativi che potrebbero avere un impatto sulla prosecuzione del contratto o su una presunta variazione dei premi, nonch\u00e9 di eventuali sinistri verificatisi, e a fornire tutti i documenti necessari, a meno che questi non siano gi\u00e0 stati comunicati direttamente all'assicuratore. ABES Group AG si baser\u00e0 su tali informazioni e documenti per l'adempimento del contratto.<\/span><\/p><h3><b>Protezione dei dati:<\/b><\/h3><p>ABES Group AG attribuisce grande importanza alla protezione dei dati all'interno del nostro Gruppo. Siamo consapevoli di questa responsabilit\u00e0 e trattiamo tutti i dati con la massima attenzione. Utilizziamo i vostri dati per garantire la stipula dei contratti, l'adempimento degli stessi, le cancellazioni e le proroghe, nonch\u00e9 l'applicazione dei vostri diritti derivanti dal contratto, comprese le loro rivendicazioni legali. Di conseguenza, abbiamo un'ampia visione delle prestazioni contrattuali, dei dettagli delle liquidazioni dei sinistri e dei premi e degli estratti conto fatturati.<\/p><p>Utilizziamo questi dati per poter eseguire le operazioni di gestione dell'ordine. Ci impegniamo in ogni momento a prendere tutte le precauzioni per garantire il miglior rilevamento, la prevenzione e l'eliminazione dell'uso improprio dei nostri prodotti, servizi o infrastrutture. Possiamo inoltre utilizzare i vostri dati per migliorare, sviluppare o ampliare i nostri servizi, i nostri prodotti, la loro facilit\u00e0 d'uso e la nostra assistenza.<\/p><p>I dati risultanti dalla documentazione contrattuale e dall'elaborazione del contratto vengono trasmessi alla compagnia assicurativa interessata. La compagnia assicurativa utilizza questi dati in particolare per determinare il premio, per chiarire il rischio, per elaborare le richieste di risarcimento e per le analisi statistiche. I dati vengono memorizzati fisicamente o elettronicamente.<\/p><p>La compagnia di assicurazione pu\u00f2 trasmettere i dati nella misura necessaria a terzi coinvolti nell'elaborazione del contratto in Svizzera e all'estero, in particolare a coassicuratori e riassicuratori, nonch\u00e9 a societ\u00e0 nazionali ed estere del suo gruppo per l'elaborazione. In caso di sospetto di reati finanziari o documentali e nel caso in cui la compagnia di assicurazione receda dal contratto a causa di una giustificazione fraudolenta di una richiesta di assicurazione (art. 40 LCA), pu\u00f2 essere fatta una segnalazione all'Associazione Svizzera di Assicurazione (SVV) per l'inserimento nel Sistema Informativo Centrale (ZIS). ABES Group AG raccoglie solo i dati personali necessari per il servizio concordato. ABES Group AG si impegna a prendere tutte le precauzioni necessarie per rispettare le disposizioni di legge in materia di protezione dei dati. I dati saranno trattati con assoluta riservatezza.<\/p><p>Leggete i nostri dettagli\u00a0<a href=\"https:\/\/www.abes-zuerich.ch\/datenschutzerklaerung\/\">Regolamenti sulla protezione dei dati<\/a>\u00a0 e le informazioni sul\u00a0<a href=\"https:\/\/www.abes-zuerich.ch\/cookie-richtlinie-eu\/\">Informativa sui cookie<\/a><\/p><h3><b>Responsabilit\u00e0:<\/b><\/h3><p>In caso di negligenza, errore o informazioni errate in relazione alle nostre attivit\u00e0, noi come ABES Group AG saremo responsabili. Si prega di indirizzare eventuali reclami a:<\/p><h6><b>Gruppo ABES AG<br \/><\/b><b>Feldeggstrasse 5<br \/><\/b><b>CH-8152 Glattbrugg<\/b><\/h6><p>o via e-mail a:\u00a0<strong><a href=\"mailto:info@abeszuerich.ch\">info@abeszuerich.ch<\/a>\u00a0<\/strong><\/p><p>Il responsabile del trattamento \u00e8 la persona giuridica che, da sola o insieme ad altri, determina le finalit\u00e0 e i mezzi del trattamento dei dati personali.<\/p><h6><b>Diritto di recesso dal contratto stipulato ai sensi dell'art. 2a della Legge sul contratto di assicurazione (LCA):<\/b><\/h6><p>\u00c8 possibile annullare la richiesta di stipula del contratto o la dichiarazione di accettazione in qualsiasi momento. Il termine di cancellazione \u00e8 di 14 giorni e decorre dal momento della richiesta o dell'accettazione del contratto. L'annullamento non deve avvenire per iscritto, ma semplicemente in una forma che consenta una prova via testo, quindi anche via e-mail (ma sono sufficienti anche SMS, WhatsApp, ecc.).<\/p><h3>I terzi danneggiati possono far valere le proprie pretese nei confronti della compagnia assicurativa in buona fede nonostante la revoca. In questi casi, tuttavia, l'assicurato deve il premio.<\/h3><h3><span style=\"color: var( --e-global-color-text ); font-family: var( --e-global-typography-text-font-family ), Sans-serif; font-size: var( --e-global-typography-text-font-size ); font-style: var( --e-global-typography-text-font-style ); letter-spacing: var( --e-global-typography-text-letter-spacing ); text-transform: var( --e-global-typography-text-text-transform ); background-color: var( --e-global-color-c696dce );\"><b>Istruzione, formazione e qualifiche professionali:<\/b><\/span><\/h3><p>Ai sensi dell'art. 43 della VAG, siamo tenuti a fornire ai nostri dipendenti una formazione e un aggiornamento regolari per consentire loro di svolgere il proprio lavoro. A tal fine, disponiamo di un programma completo di promozione e sviluppo dei dipendenti che attribuisce grande importanza all'acquisizione di qualifiche professionali. Confermiamo inoltre di soddisfare tutti i requisiti stabiliti dal Consiglio federale per la formazione e il perfezionamento degli intermediari assicurativi, sebbene non esistano standard minimi adeguati.<\/p><p>Ai sensi dell'art. 45, par. 1, lett. c., siamo inoltre tenuti a informarvi su come potete informarvi sulle qualifiche professionali dei nostri dipendenti.<\/p><p>Con la presente confermiamo a nome nostro e di tutti i dipendenti che:<\/p><ul><li>Informarvi in modo trasparente e in base alla situazione sullo stato di formazione di ogni singolo dipendente;<\/li><\/ul><ul><li>dimostrarvi le qualifiche professionali dei dipendenti che entrano in contatto con voi, adottando misure adeguate;<\/li><\/ul><ul><li>per darvi la possibilit\u00e0 di saperne di pi\u00f9 sul nostro concetto di formazione in qualsiasi momento;<\/li><\/ul><ul><li>I dipendenti in possesso di un \"Bachelor of Science Risk and Insurance\", di un diploma di \"Swiss Certified Insurance Specialist\", di un certificato professionale superiore di \"Insurance Specialist with Swiss Federal Professional Diploma\", di un diploma di \"Swiss Certified Fund Advisor IAF\", di un diploma di \"Swiss Certified Financial Advisor IAF\" o di un diploma di \"Swiss Certified Asset Manager IAF\".<\/li><\/ul><p><span style=\"color: var( --e-global-color-text ); font-family: var( --e-global-typography-text-font-family ), Sans-serif; font-size: var( --e-global-typography-text-font-size ); font-style: var( --e-global-typography-text-font-style ); font-weight: var( --e-global-typography-text-font-weight ); letter-spacing: var( --e-global-typography-text-letter-spacing ); text-transform: var( --e-global-typography-text-text-transform ); background-color: var( --e-global-color-c696dce );\">\u00a0<\/span><\/p><p><span style=\"color: var( --e-global-color-text ); font-family: var( --e-global-typography-text-font-family ), Sans-serif; font-size: var( --e-global-typography-text-font-size ); font-style: var( --e-global-typography-text-font-style ); font-weight: var( --e-global-typography-text-font-weight ); letter-spacing: var( --e-global-typography-text-letter-spacing ); text-transform: var( --e-global-typography-text-text-transform ); background-color: var( --e-global-color-c696dce );\">Leggete la documentazione completa sul nostro sito\u00a0<\/span><a style=\"font-family: var( --e-global-typography-text-font-family ), Sans-serif; font-size: var( --e-global-typography-text-font-size ); font-style: var( --e-global-typography-text-font-style ); font-weight: var( --e-global-typography-text-font-weight ); letter-spacing: var( --e-global-typography-text-letter-spacing ); text-transform: var( --e-global-typography-text-text-transform );\" href=\"https:\/\/www.abes.ch\/vag-45\/#Informationspflicht\">Obbligo di informazione<\/a><span style=\"color: var( --e-global-color-text ); font-family: var( --e-global-typography-text-font-family ), Sans-serif; font-size: var( --e-global-typography-text-font-size ); font-style: var( --e-global-typography-text-font-style ); font-weight: var( --e-global-typography-text-font-weight ); letter-spacing: var( --e-global-typography-text-letter-spacing ); text-transform: var( --e-global-typography-text-text-transform ); background-color: var( --e-global-color-c696dce );\">\u00a0cos\u00ec come le informazioni sul nostro\u00a0<\/span><a style=\"font-family: var( --e-global-typography-text-font-family ), Sans-serif; font-size: var( --e-global-typography-text-font-size ); font-style: var( --e-global-typography-text-font-style ); font-weight: var( --e-global-typography-text-font-weight ); letter-spacing: var( --e-global-typography-text-letter-spacing ); text-transform: var( --e-global-typography-text-text-transform );\" href=\"https:\/\/www.abes.ch\/vag-45\/#Ausbildung\">Concetto di formazione<\/a><span style=\"color: var( --e-global-color-text ); font-family: var( --e-global-typography-text-font-family ), Sans-serif; font-size: var( --e-global-typography-text-font-size ); font-style: var( --e-global-typography-text-font-style ); font-weight: var( --e-global-typography-text-font-weight ); letter-spacing: var( --e-global-typography-text-letter-spacing ); text-transform: var( --e-global-typography-text-text-transform ); background-color: var( --e-global-color-c696dce );\">\u00a0<\/span><\/p>\t\t\t\t\t\t\t\t<\/div>\n\t\t\t\t<\/div>\n\t\t\t\t\t<\/div>\n\t\t<\/div>\n\t\t\t\t\t<\/div>\n\t\t<\/section>\n\t\t\t\t<\/div>","protected":false},"excerpt":{"rendered":"<p>Vielen Dank f\u00fcr die Einreichung des Antrages und in Ihr Vertrauen Wir werden Ihren Antrag pr\u00fcfen und melden uns danach wieder bei Ihnen. F\u00fcr die Pr\u00fcfung ben\u00f6tigen wir in der Regel l\u00e4ngstens zwei Wochen. Nachfolgend finden Sie die gesetzlichen Informationen. Drucken Sie diese bitte durch Klick auf das Printersymbol aus, oder speichern Sie diese Informationen [&hellip;]<\/p>\n","protected":false},"author":2,"featured_media":0,"parent":0,"menu_order":0,"comment_status":"closed","ping_status":"closed","template":"elementor_canvas","meta":{"footnotes":""},"yoast_head":"<!-- This site is optimized with the Yoast SEO plugin v24.4 - https:\/\/yoast.com\/wordpress\/plugins\/seo\/ -->\n<title>- ABES Pferdeversicherung<\/title>\n<meta name=\"robots\" content=\"index, follow, max-snippet:-1, max-image-preview:large, max-video-preview:-1\" \/>\n<link rel=\"canonical\" href=\"https:\/\/abes-pferdeversicherung.ch\/it\/vag-54\/\" \/>\n<meta property=\"og:locale\" content=\"it_IT\" \/>\n<meta property=\"og:type\" content=\"article\" \/>\n<meta property=\"og:title\" content=\"- ABES Pferdeversicherung\" \/>\n<meta property=\"og:description\" content=\"Vielen Dank f\u00fcr die Einreichung des Antrages und in Ihr Vertrauen Wir werden Ihren Antrag pr\u00fcfen und melden uns danach wieder bei Ihnen. F\u00fcr die Pr\u00fcfung ben\u00f6tigen wir in der Regel l\u00e4ngstens zwei Wochen. Nachfolgend finden Sie die gesetzlichen Informationen. Drucken Sie diese bitte durch Klick auf das Printersymbol aus, oder speichern Sie diese Informationen [&hellip;]\" \/>\n<meta property=\"og:url\" content=\"https:\/\/abes-pferdeversicherung.ch\/it\/vag-54\/\" \/>\n<meta property=\"og:site_name\" content=\"ABES Pferdeversicherung\" \/>\n<meta property=\"article:modified_time\" content=\"2023-12-08T08:36:33+00:00\" \/>\n<meta name=\"twitter:card\" content=\"summary_large_image\" \/>\n<meta name=\"twitter:label1\" content=\"Tempo di lettura stimato\" \/>\n\t<meta name=\"twitter:data1\" content=\"6 minuti\" \/>\n<script type=\"application\/ld+json\" class=\"yoast-schema-graph\">{\"@context\":\"https:\/\/schema.org\",\"@graph\":[{\"@type\":\"WebPage\",\"@id\":\"https:\/\/abes-pferdeversicherung.ch\/vag-54\/\",\"url\":\"https:\/\/abes-pferdeversicherung.ch\/vag-54\/\",\"name\":\"- ABES Pferdeversicherung\",\"isPartOf\":{\"@id\":\"https:\/\/abes-pferdeversicherung.ch\/#website\"},\"datePublished\":\"2022-04-18T14:53:16+00:00\",\"dateModified\":\"2023-12-08T08:36:33+00:00\",\"inLanguage\":\"it-IT\",\"potentialAction\":[{\"@type\":\"ReadAction\",\"target\":[\"https:\/\/abes-pferdeversicherung.ch\/vag-54\/\"]}]},{\"@type\":\"WebSite\",\"@id\":\"https:\/\/abes-pferdeversicherung.ch\/#website\",\"url\":\"https:\/\/abes-pferdeversicherung.ch\/\",\"name\":\"ABES Pferdeversicherung\",\"description\":\"\",\"publisher\":{\"@id\":\"https:\/\/abes-pferdeversicherung.ch\/#organization\"},\"potentialAction\":[{\"@type\":\"SearchAction\",\"target\":{\"@type\":\"EntryPoint\",\"urlTemplate\":\"https:\/\/abes-pferdeversicherung.ch\/?s={search_term_string}\"},\"query-input\":{\"@type\":\"PropertyValueSpecification\",\"valueRequired\":true,\"valueName\":\"search_term_string\"}}],\"inLanguage\":\"it-IT\"},{\"@type\":\"Organization\",\"@id\":\"https:\/\/abes-pferdeversicherung.ch\/#organization\",\"name\":\"ABES Pferdeversicherung\",\"url\":\"https:\/\/abes-pferdeversicherung.ch\/\",\"logo\":{\"@type\":\"ImageObject\",\"inLanguage\":\"it-IT\",\"@id\":\"https:\/\/abes-pferdeversicherung.ch\/#\/schema\/logo\/image\/\",\"url\":\"https:\/\/abes-pferdeversicherung.ch\/wp-content\/uploads\/2022\/04\/cropped-logo-1.png\",\"contentUrl\":\"https:\/\/abes-pferdeversicherung.ch\/wp-content\/uploads\/2022\/04\/cropped-logo-1.png\",\"width\":229,\"height\":117,\"caption\":\"ABES Pferdeversicherung\"},\"image\":{\"@id\":\"https:\/\/abes-pferdeversicherung.ch\/#\/schema\/logo\/image\/\"}}]}<\/script>\n<!-- \/ Yoast SEO plugin. -->","yoast_head_json":{"title":"- Assicurazione cavalli ABES","robots":{"index":"index","follow":"follow","max-snippet":"max-snippet:-1","max-image-preview":"max-image-preview:large","max-video-preview":"max-video-preview:-1"},"canonical":"https:\/\/abes-pferdeversicherung.ch\/it\/vag-54\/","og_locale":"it_IT","og_type":"article","og_title":"- ABES Pferdeversicherung","og_description":"Vielen Dank f\u00fcr die Einreichung des Antrages und in Ihr Vertrauen Wir werden Ihren Antrag pr\u00fcfen und melden uns danach wieder bei Ihnen. F\u00fcr die Pr\u00fcfung ben\u00f6tigen wir in der Regel l\u00e4ngstens zwei Wochen. Nachfolgend finden Sie die gesetzlichen Informationen. Drucken Sie diese bitte durch Klick auf das Printersymbol aus, oder speichern Sie diese Informationen [&hellip;]","og_url":"https:\/\/abes-pferdeversicherung.ch\/it\/vag-54\/","og_site_name":"ABES Pferdeversicherung","article_modified_time":"2023-12-08T08:36:33+00:00","twitter_card":"summary_large_image","twitter_misc":{"Tempo di lettura stimato":"6 minuti"},"schema":{"@context":"https:\/\/schema.org","@graph":[{"@type":"WebPage","@id":"https:\/\/abes-pferdeversicherung.ch\/vag-54\/","url":"https:\/\/abes-pferdeversicherung.ch\/vag-54\/","name":"- Assicurazione cavalli ABES","isPartOf":{"@id":"https:\/\/abes-pferdeversicherung.ch\/#website"},"datePublished":"2022-04-18T14:53:16+00:00","dateModified":"2023-12-08T08:36:33+00:00","inLanguage":"it-IT","potentialAction":[{"@type":"ReadAction","target":["https:\/\/abes-pferdeversicherung.ch\/vag-54\/"]}]},{"@type":"WebSite","@id":"https:\/\/abes-pferdeversicherung.ch\/#website","url":"https:\/\/abes-pferdeversicherung.ch\/","name":"Assicurazione cavalli ABES","description":"","publisher":{"@id":"https:\/\/abes-pferdeversicherung.ch\/#organization"},"potentialAction":[{"@type":"SearchAction","target":{"@type":"EntryPoint","urlTemplate":"https:\/\/abes-pferdeversicherung.ch\/?s={search_term_string}"},"query-input":{"@type":"PropertyValueSpecification","valueRequired":true,"valueName":"search_term_string"}}],"inLanguage":"it-IT"},{"@type":"Organization","@id":"https:\/\/abes-pferdeversicherung.ch\/#organization","name":"Assicurazione cavalli ABES","url":"https:\/\/abes-pferdeversicherung.ch\/","logo":{"@type":"ImageObject","inLanguage":"it-IT","@id":"https:\/\/abes-pferdeversicherung.ch\/#\/schema\/logo\/image\/","url":"https:\/\/abes-pferdeversicherung.ch\/wp-content\/uploads\/2022\/04\/cropped-logo-1.png","contentUrl":"https:\/\/abes-pferdeversicherung.ch\/wp-content\/uploads\/2022\/04\/cropped-logo-1.png","width":229,"height":117,"caption":"ABES Pferdeversicherung"},"image":{"@id":"https:\/\/abes-pferdeversicherung.ch\/#\/schema\/logo\/image\/"}}]}},"_links":{"self":[{"href":"https:\/\/abes-pferdeversicherung.ch\/it\/wp-json\/wp\/v2\/pages\/29759"}],"collection":[{"href":"https:\/\/abes-pferdeversicherung.ch\/it\/wp-json\/wp\/v2\/pages"}],"about":[{"href":"https:\/\/abes-pferdeversicherung.ch\/it\/wp-json\/wp\/v2\/types\/page"}],"author":[{"embeddable":true,"href":"https:\/\/abes-pferdeversicherung.ch\/it\/wp-json\/wp\/v2\/users\/2"}],"replies":[{"embeddable":true,"href":"https:\/\/abes-pferdeversicherung.ch\/it\/wp-json\/wp\/v2\/comments?post=29759"}],"version-history":[{"count":231,"href":"https:\/\/abes-pferdeversicherung.ch\/it\/wp-json\/wp\/v2\/pages\/29759\/revisions"}],"predecessor-version":[{"id":33032,"href":"https:\/\/abes-pferdeversicherung.ch\/it\/wp-json\/wp\/v2\/pages\/29759\/revisions\/33032"}],"wp:attachment":[{"href":"https:\/\/abes-pferdeversicherung.ch\/it\/wp-json\/wp\/v2\/media?parent=29759"}],"curies":[{"name":"wp","href":"https:\/\/api.w.org\/{rel}","templated":true}]}}